{"id":616,"date":"2026-04-10T07:29:17","date_gmt":"2026-04-10T07:29:17","guid":{"rendered":"https:\/\/energies32.com\/?page_id=616"},"modified":"2026-04-10T07:30:05","modified_gmt":"2026-04-10T07:30:05","slug":"mentions-legales","status":"publish","type":"page","link":"https:\/\/energies32.com\/index.php\/mentions-legales\/","title":{"rendered":"Mentions L\u00e9gales"},"content":{"rendered":"\t\t<div data-elementor-type=\"wp-page\" data-elementor-id=\"616\" class=\"elementor elementor-616\">\n\t\t\t\t<div class=\"elementor-element elementor-element-9e5f74d e-flex e-con-boxed e-con e-parent\" data-id=\"9e5f74d\" data-element_type=\"container\" data-e-type=\"container\">\n\t\t\t\t\t<div class=\"e-con-inner\">\n\t\t\t\t<div class=\"elementor-element elementor-element-13c6da3 elementor-widget elementor-widget-text-editor\" data-id=\"13c6da3\" data-element_type=\"widget\" data-e-type=\"widget\" data-widget_type=\"text-editor.default\">\n\t\t\t\t\t\t\t\t\t<h4 data-section-id=\"1p8jlsi\" data-start=\"124\" data-end=\"145\">\u00c9diteur du site<\/h4><p data-start=\"147\" data-end=\"170\">Le site est \u00e9dit\u00e9 par : studio mrgn<\/p><p data-start=\"172\" data-end=\"365\"><strong data-start=\"172\" data-end=\"192\">EURL ENERGIES 32<\/strong><br data-start=\"192\" data-end=\"195\" \/>Forme juridique : SARL (Soci\u00e9t\u00e9 \u00e0 responsabilit\u00e9 limit\u00e9e)<br data-start=\"252\" data-end=\"255\" \/>Adresse : 377 chemin de Roucoutoucou, 32100 Condom<br data-start=\"305\" data-end=\"308\" \/>T\u00e9l\u00e9phone : <strong data-start=\"320\" data-end=\"337\">07 86 63 02 48<\/strong><br data-start=\"337\" data-end=\"340\" \/>Email : energies32100@gmail.com<\/p><p data-start=\"367\" data-end=\"460\">SIREN : 751 553 421<br data-start=\"386\" data-end=\"389\" \/>SIRET : 751 553 421 00023<br data-start=\"414\" data-end=\"417\" \/>TVA intracommunautaire : FR35 751 553 421<\/p><p data-start=\"367\" data-end=\"460\">\u00a0<\/p><h4 data-section-id=\"awajl0\" data-start=\"467\" data-end=\"481\">Activit\u00e9<\/h4><p data-start=\"483\" data-end=\"620\">EURL ENERGIES 32 est sp\u00e9cialis\u00e9e dans les travaux d\u2019installation d\u2019\u00e9quipements thermiques et de climatisation (code APE 43.22B \/ 43.22H).<\/p><p data-start=\"622\" data-end=\"666\">Le site pr\u00e9sente notamment des services de :<\/p><ul data-start=\"667\" data-end=\"792\"><li data-section-id=\"1soa38s\" data-start=\"667\" data-end=\"700\">installation de climatisation<\/li><li data-section-id=\"jjvilv\" data-start=\"701\" data-end=\"738\">travaux en \u00e9quipements thermiques<\/li><li data-section-id=\"1un2amk\" data-start=\"739\" data-end=\"792\">interventions pour particuliers et professionnels<\/li><\/ul><p>\u00a0<\/p><h4 data-section-id=\"273r55\" data-start=\"799\" data-end=\"831\">Responsable de publication<\/h4><p data-start=\"833\" data-end=\"923\">Le responsable de la publication est le repr\u00e9sentant l\u00e9gal de la soci\u00e9t\u00e9 EURL ENERGIES 32.<\/p><p data-start=\"833\" data-end=\"923\">\u00a0<\/p><h4 data-section-id=\"3xm32z\" data-start=\"930\" data-end=\"947\">H\u00e9bergement<\/h4><p data-start=\"949\" data-end=\"974\">Le site est h\u00e9berg\u00e9 par :<\/p><p data-start=\"976\" data-end=\"1052\"><strong data-start=\"976\" data-end=\"987\">OVH SAS<\/strong><br data-start=\"987\" data-end=\"990\" \/>2 rue Kellermann<br data-start=\"1006\" data-end=\"1009\" \/>59100 Roubaix \u2013 France<br data-start=\"1031\" data-end=\"1034\" \/>T\u00e9l\u00e9phone : 1007<\/p><p data-start=\"976\" data-end=\"1052\">\u00a0<\/p><h4 data-section-id=\"axra8t\" data-start=\"1059\" data-end=\"1089\">Propri\u00e9t\u00e9 intellectuelle<\/h4><p data-start=\"1091\" data-end=\"1228\">L\u2019ensemble des \u00e9l\u00e9ments pr\u00e9sents sur ce site (textes, images, logos, etc.) sont la propri\u00e9t\u00e9 de EURL ENERGIES 32, sauf mention contraire.<\/p><p data-start=\"1230\" data-end=\"1310\">Toute reproduction, repr\u00e9sentation ou diffusion sans autorisation est interdite.<\/p><p data-start=\"1230\" data-end=\"1310\">\u00a0<\/p><h4 data-section-id=\"drga81\" data-start=\"1317\" data-end=\"1343\">Donn\u00e9es personnelles<\/h4><p data-start=\"1345\" data-end=\"1482\">Les informations transmises via le site (formulaire de contact ou demande de devis) sont utilis\u00e9es uniquement pour r\u00e9pondre aux demandes.<\/p><p data-start=\"1484\" data-end=\"1531\">Elles ne sont ni vendues ni c\u00e9d\u00e9es \u00e0 des tiers.<\/p><p data-start=\"1533\" data-end=\"1590\">Conform\u00e9ment au RGPD, vous disposez des droits suivants :<\/p><ul data-start=\"1591\" data-end=\"1648\"><li data-section-id=\"81bw7g\" data-start=\"1591\" data-end=\"1614\">acc\u00e8s \u00e0 vos donn\u00e9es<\/li><li data-section-id=\"16wyz8w\" data-start=\"1615\" data-end=\"1632\">rectification<\/li><li data-section-id=\"rf3cb5\" data-start=\"1633\" data-end=\"1648\">suppression<\/li><\/ul><p data-start=\"1650\" data-end=\"1686\">Pour toute demande : <strong data-start=\"1671\" data-end=\"1686\">energies32100@gmail.com<\/strong><\/p><p data-start=\"1650\" data-end=\"1686\">\u00a0<\/p><h4 data-section-id=\"qodumj\" data-start=\"1693\" data-end=\"1706\">Cookies<\/h4><p data-start=\"1708\" data-end=\"1751\">Le site peut utiliser des cookies afin de :<\/p><ul data-start=\"1752\" data-end=\"1817\"><li data-section-id=\"6qm2h5\" data-start=\"1752\" data-end=\"1786\">assurer son bon fonctionnement<\/li><li data-section-id=\"jy8jug\" data-start=\"1787\" data-end=\"1817\">mesurer l\u2019audience du site<\/li><\/ul><p data-start=\"1819\" data-end=\"1909\">Lors de votre premi\u00e8re visite, vous pouvez accepter ou refuser les cookies non essentiels.<\/p><p data-start=\"1819\" data-end=\"1909\">\u00a0<\/p><h4 data-section-id=\"r4hur8\" data-start=\"1916\" data-end=\"1947\">Assurance professionnelle<\/h4><p data-start=\"1949\" data-end=\"2046\">L\u2019activit\u00e9 est couverte par une assurance responsabilit\u00e9 civile professionnelle et\/ou d\u00e9cennale :<\/p><p data-start=\"2048\" data-end=\"2116\">Assureur : <strong data-start=\"2059\" data-end=\"2076\">[\u00e0 compl\u00e9ter]<\/strong><br data-start=\"2076\" data-end=\"2079\" \/>Num\u00e9ro de contrat : <strong data-start=\"2099\" data-end=\"2116\">[\u00e0 compl\u00e9ter]<\/strong><\/p>\t\t\t\t\t\t\t\t<\/div>\n\t\t\t\t\t<\/div>\n\t\t\t\t<\/div>\n\t\t\t\t<\/div>\n\t\t","protected":false},"excerpt":{"rendered":"<p>\u00c9diteur du site Le site est \u00e9dit\u00e9 par : studio mrgn EURL ENERGIES 32Forme juridique : SARL (Soci\u00e9t\u00e9 \u00e0 responsabilit\u00e9 limit\u00e9e)Adresse : 377 chemin de Roucoutoucou, 32100 CondomT\u00e9l\u00e9phone : 07 86 63 02 48Email : energies32100@gmail.com SIREN : 751 553 421SIRET : 751 553 421 00023TVA intracommunautaire : FR35 751 553 421 \u00a0 Activit\u00e9 EURL [&hellip;]<\/p>\n","protected":false},"author":1,"featured_media":0,"parent":0,"menu_order":0,"comment_status":"closed","ping_status":"closed","template":"","meta":{"footnotes":""},"class_list":["post-616","page","type-page","status-publish","hentry"],"yoast_head":"<!-- This site is optimized with the Yoast SEO plugin v27.3 - https:\/\/yoast.com\/product\/yoast-seo-wordpress\/ -->\n<title>Mentions L\u00e9gales - Energies32<\/title>\n<meta name=\"robots\" content=\"index, follow, max-snippet:-1, max-image-preview:large, max-video-preview:-1\" \/>\n<link rel=\"canonical\" href=\"https:\/\/energies32.com\/index.php\/mentions-legales\/\" \/>\n<meta property=\"og:locale\" content=\"fr_FR\" \/>\n<meta property=\"og:type\" content=\"article\" \/>\n<meta property=\"og:title\" content=\"Mentions L\u00e9gales - Energies32\" \/>\n<meta property=\"og:description\" content=\"\u00c9diteur du site Le site est \u00e9dit\u00e9 par : studio mrgn EURL ENERGIES 32Forme juridique : SARL (Soci\u00e9t\u00e9 \u00e0 responsabilit\u00e9 limit\u00e9e)Adresse : 377 chemin de Roucoutoucou, 32100 CondomT\u00e9l\u00e9phone : 07 86 63 02 48Email : energies32100@gmail.com SIREN : 751 553 421SIRET : 751 553 421 00023TVA intracommunautaire : FR35 751 553 421 \u00a0 Activit\u00e9 EURL [&hellip;]\" \/>\n<meta property=\"og:url\" content=\"https:\/\/energies32.com\/index.php\/mentions-legales\/\" \/>\n<meta property=\"og:site_name\" content=\"Energies32\" \/>\n<meta property=\"article:modified_time\" content=\"2026-04-10T07:30:05+00:00\" \/>\n<meta name=\"twitter:card\" content=\"summary_large_image\" \/>\n<meta name=\"twitter:label1\" content=\"Dur\u00e9e de lecture estim\u00e9e\" \/>\n\t<meta name=\"twitter:data1\" content=\"2 minutes\" \/>\n<script type=\"application\/ld+json\" class=\"yoast-schema-graph\">{\"@context\":\"https:\\\/\\\/schema.org\",\"@graph\":[{\"@type\":\"WebPage\",\"@id\":\"https:\\\/\\\/energies32.com\\\/index.php\\\/mentions-legales\\\/\",\"url\":\"https:\\\/\\\/energies32.com\\\/index.php\\\/mentions-legales\\\/\",\"name\":\"Mentions L\u00e9gales - Energies32\",\"isPartOf\":{\"@id\":\"https:\\\/\\\/energies32.com\\\/#website\"},\"datePublished\":\"2026-04-10T07:29:17+00:00\",\"dateModified\":\"2026-04-10T07:30:05+00:00\",\"breadcrumb\":{\"@id\":\"https:\\\/\\\/energies32.com\\\/index.php\\\/mentions-legales\\\/#breadcrumb\"},\"inLanguage\":\"fr-FR\",\"potentialAction\":[{\"@type\":\"ReadAction\",\"target\":[\"https:\\\/\\\/energies32.com\\\/index.php\\\/mentions-legales\\\/\"]}]},{\"@type\":\"BreadcrumbList\",\"@id\":\"https:\\\/\\\/energies32.com\\\/index.php\\\/mentions-legales\\\/#breadcrumb\",\"itemListElement\":[{\"@type\":\"ListItem\",\"position\":1,\"name\":\"Accueil\",\"item\":\"https:\\\/\\\/energies32.com\\\/\"},{\"@type\":\"ListItem\",\"position\":2,\"name\":\"Mentions L\u00e9gales\"}]},{\"@type\":\"WebSite\",\"@id\":\"https:\\\/\\\/energies32.com\\\/#website\",\"url\":\"https:\\\/\\\/energies32.com\\\/\",\"name\":\"Energies32\",\"description\":\"\",\"publisher\":{\"@id\":\"https:\\\/\\\/energies32.com\\\/#organization\"},\"potentialAction\":[{\"@type\":\"SearchAction\",\"target\":{\"@type\":\"EntryPoint\",\"urlTemplate\":\"https:\\\/\\\/energies32.com\\\/?s={search_term_string}\"},\"query-input\":{\"@type\":\"PropertyValueSpecification\",\"valueRequired\":true,\"valueName\":\"search_term_string\"}}],\"inLanguage\":\"fr-FR\"},{\"@type\":\"Organization\",\"@id\":\"https:\\\/\\\/energies32.com\\\/#organization\",\"name\":\"Energies32\",\"url\":\"https:\\\/\\\/energies32.com\\\/\",\"logo\":{\"@type\":\"ImageObject\",\"inLanguage\":\"fr-FR\",\"@id\":\"https:\\\/\\\/energies32.com\\\/#\\\/schema\\\/logo\\\/image\\\/\",\"url\":\"https:\\\/\\\/energies32.com\\\/wp-content\\\/uploads\\\/2026\\\/03\\\/cropped-logo-energies-32.png\",\"contentUrl\":\"https:\\\/\\\/energies32.com\\\/wp-content\\\/uploads\\\/2026\\\/03\\\/cropped-logo-energies-32.png\",\"width\":987,\"height\":364,\"caption\":\"Energies32\"},\"image\":{\"@id\":\"https:\\\/\\\/energies32.com\\\/#\\\/schema\\\/logo\\\/image\\\/\"}}]}<\/script>\n<!-- \/ Yoast SEO plugin. -->","yoast_head_json":{"title":"Mentions L\u00e9gales - Energies32","robots":{"index":"index","follow":"follow","max-snippet":"max-snippet:-1","max-image-preview":"max-image-preview:large","max-video-preview":"max-video-preview:-1"},"canonical":"https:\/\/energies32.com\/index.php\/mentions-legales\/","og_locale":"fr_FR","og_type":"article","og_title":"Mentions L\u00e9gales - Energies32","og_description":"\u00c9diteur du site Le site est \u00e9dit\u00e9 par : studio mrgn EURL ENERGIES 32Forme juridique : SARL (Soci\u00e9t\u00e9 \u00e0 responsabilit\u00e9 limit\u00e9e)Adresse : 377 chemin de Roucoutoucou, 32100 CondomT\u00e9l\u00e9phone : 07 86 63 02 48Email : energies32100@gmail.com SIREN : 751 553 421SIRET : 751 553 421 00023TVA intracommunautaire : FR35 751 553 421 \u00a0 Activit\u00e9 EURL [&hellip;]","og_url":"https:\/\/energies32.com\/index.php\/mentions-legales\/","og_site_name":"Energies32","article_modified_time":"2026-04-10T07:30:05+00:00","twitter_card":"summary_large_image","twitter_misc":{"Dur\u00e9e de lecture estim\u00e9e":"2 minutes"},"schema":{"@context":"https:\/\/schema.org","@graph":[{"@type":"WebPage","@id":"https:\/\/energies32.com\/index.php\/mentions-legales\/","url":"https:\/\/energies32.com\/index.php\/mentions-legales\/","name":"Mentions L\u00e9gales - Energies32","isPartOf":{"@id":"https:\/\/energies32.com\/#website"},"datePublished":"2026-04-10T07:29:17+00:00","dateModified":"2026-04-10T07:30:05+00:00","breadcrumb":{"@id":"https:\/\/energies32.com\/index.php\/mentions-legales\/#breadcrumb"},"inLanguage":"fr-FR","potentialAction":[{"@type":"ReadAction","target":["https:\/\/energies32.com\/index.php\/mentions-legales\/"]}]},{"@type":"BreadcrumbList","@id":"https:\/\/energies32.com\/index.php\/mentions-legales\/#breadcrumb","itemListElement":[{"@type":"ListItem","position":1,"name":"Accueil","item":"https:\/\/energies32.com\/"},{"@type":"ListItem","position":2,"name":"Mentions L\u00e9gales"}]},{"@type":"WebSite","@id":"https:\/\/energies32.com\/#website","url":"https:\/\/energies32.com\/","name":"Energies32","description":"","publisher":{"@id":"https:\/\/energies32.com\/#organization"},"potentialAction":[{"@type":"SearchAction","target":{"@type":"EntryPoint","urlTemplate":"https:\/\/energies32.com\/?s={search_term_string}"},"query-input":{"@type":"PropertyValueSpecification","valueRequired":true,"valueName":"search_term_string"}}],"inLanguage":"fr-FR"},{"@type":"Organization","@id":"https:\/\/energies32.com\/#organization","name":"Energies32","url":"https:\/\/energies32.com\/","logo":{"@type":"ImageObject","inLanguage":"fr-FR","@id":"https:\/\/energies32.com\/#\/schema\/logo\/image\/","url":"https:\/\/energies32.com\/wp-content\/uploads\/2026\/03\/cropped-logo-energies-32.png","contentUrl":"https:\/\/energies32.com\/wp-content\/uploads\/2026\/03\/cropped-logo-energies-32.png","width":987,"height":364,"caption":"Energies32"},"image":{"@id":"https:\/\/energies32.com\/#\/schema\/logo\/image\/"}}]}},"_links":{"self":[{"href":"https:\/\/energies32.com\/index.php\/wp-json\/wp\/v2\/pages\/616","targetHints":{"allow":["GET"]}}],"collection":[{"href":"https:\/\/energies32.com\/index.php\/wp-json\/wp\/v2\/pages"}],"about":[{"href":"https:\/\/energies32.com\/index.php\/wp-json\/wp\/v2\/types\/page"}],"author":[{"embeddable":true,"href":"https:\/\/energies32.com\/index.php\/wp-json\/wp\/v2\/users\/1"}],"replies":[{"embeddable":true,"href":"https:\/\/energies32.com\/index.php\/wp-json\/wp\/v2\/comments?post=616"}],"version-history":[{"count":7,"href":"https:\/\/energies32.com\/index.php\/wp-json\/wp\/v2\/pages\/616\/revisions"}],"predecessor-version":[{"id":623,"href":"https:\/\/energies32.com\/index.php\/wp-json\/wp\/v2\/pages\/616\/revisions\/623"}],"wp:attachment":[{"href":"https:\/\/energies32.com\/index.php\/wp-json\/wp\/v2\/media?parent=616"}],"curies":[{"name":"wp","href":"https:\/\/api.w.org\/{rel}","templated":true}]}}